{"id":10763,"date":"2023-05-29T11:28:13","date_gmt":"2023-05-29T09:28:13","guid":{"rendered":"https:\/\/thefactoryconceptstore.com\/?post_type=product&#038;p=10763"},"modified":"2023-06-09T22:42:38","modified_gmt":"2023-06-09T20:42:38","slug":"bearbrick-eitoku-kano-chinese-lions-400-100","status":"publish","type":"product","link":"https:\/\/thefactoryconceptstore.com\/fr\/products\/bearbrick-eitoku-kano-chinese-lions-400-100\/","title":{"rendered":"BE@RBRICK EITOKU KANO CHINESE LIONS 400% 100% 2021"},"content":{"rendered":"<p>BE@RBRICK EITOKU KANO CHINESE LIONS 400% 100% 2021<\/p>\n<p>Ce set de Lions chinois 400%+100% Be@rbrick est sorti exclusivement au Japon. Recr\u00e9\u00e9 \u00e0 partir d'une \u0153uvre d'art de feu l'artiste japonais Eitoku Kano, cet objet de collection se pr\u00e9sente sous la forme d'une impression par transfert d'eau qui recouvre des dessins d'Eitoku Kano de la p\u00e9riode Azuchi-Momoyama.Be@rbrick 400% 100% Chine Lions by kano eitoku<\/p>\n<p>Medicom Toy utilise la technologie du transfert d'eau pour garantir un placement unique de l'impression sur chaque Be@rbrick. Cela signifie que chaque Be@rbrick sera sp\u00e9ciale et unique.<\/p>\n<p>&nbsp;<\/p>","protected":false},"excerpt":{"rendered":"<p>BE@RBRICK EITOKU KANO CHINESE LIONS 400% 100% 2021 Cet ensemble de Lions chinois 400%+100% Be@rbrick est sorti exclusivement au Japon. Recr\u00e9\u00e9 \u00e0 partir d'une \u0153uvre d'art de l'artiste japonais disparu, Eitoku Kano, l'objet de collection se pr\u00e9sente sous la forme d'une impression par transfert d'eau finissant de recouvrir des dessins d'Eitoku Kano de la p\u00e9riode Azuchi-Momoyama.Be@rbrick 400% 100% Chine Lions by kano eitoku Medicom ...<\/p>\n<p class=\"read-more\"> <a class=\"\" href=\"https:\/\/thefactoryconceptstore.com\/fr\/products\/bearbrick-eitoku-kano-chinese-lions-400-100\/\"> <span class=\"screen-reader-text\">BE@RBRICK EITOKU KANO CHINESE LIONS 400% 100% 2021<\/span> Lire la suite \"<\/a><\/p>","protected":false},"featured_media":10764,"template":"","meta":{"site-sidebar-layout":"default","site-content-layout":"default","ast-global-header-display":"","ast-banner-title-visibility":"","ast-main-header-display":"","ast-hfb-above-header-display":"","ast-hfb-below-header-display":"","ast-hfb-mobile-header-display":"","site-post-title":"","ast-breadcrumbs-content":"","ast-featured-img":"","footer-sml-layout":"","theme-transparent-header-meta":"default","adv-header-id-meta":"","stick-header-meta":"","header-above-stick-meta":"","header-main-stick-meta":"","header-below-stick-meta":""},"product_brand":[],"product_cat":[33],"product_tag":[],"class_list":{"0":"post-10763","1":"product","2":"type-product","3":"status-publish","4":"has-post-thumbnail","6":"product_cat-bearbrick","7":"desktop-align-left","8":"tablet-align-left","9":"mobile-align-left","11":"first","12":"instock","13":"shipping-taxable","14":"purchasable","15":"product-type-simple"},"_links":{"self":[{"href":"https:\/\/thefactoryconceptstore.com\/fr\/wp-json\/wp\/v2\/product\/10763","targetHints":{"allow":["GET"]}}],"collection":[{"href":"https:\/\/thefactoryconceptstore.com\/fr\/wp-json\/wp\/v2\/product"}],"about":[{"href":"https:\/\/thefactoryconceptstore.com\/fr\/wp-json\/wp\/v2\/types\/product"}],"version-history":[{"count":5,"href":"https:\/\/thefactoryconceptstore.com\/fr\/wp-json\/wp\/v2\/product\/10763\/revisions"}],"predecessor-version":[{"id":10970,"href":"https:\/\/thefactoryconceptstore.com\/fr\/wp-json\/wp\/v2\/product\/10763\/revisions\/10970"}],"wp:featuredmedia":[{"embeddable":true,"href":"https:\/\/thefactoryconceptstore.com\/fr\/wp-json\/wp\/v2\/media\/10764"}],"wp:attachment":[{"href":"https:\/\/thefactoryconceptstore.com\/fr\/wp-json\/wp\/v2\/media?parent=10763"}],"wp:term":[{"taxonomy":"product_brand","embeddable":true,"href":"https:\/\/thefactoryconceptstore.com\/fr\/wp-json\/wp\/v2\/product_brand?post=10763"},{"taxonomy":"product_cat","embeddable":true,"href":"https:\/\/thefactoryconceptstore.com\/fr\/wp-json\/wp\/v2\/product_cat?post=10763"},{"taxonomy":"product_tag","embeddable":true,"href":"https:\/\/thefactoryconceptstore.com\/fr\/wp-json\/wp\/v2\/product_tag?post=10763"}],"curies":[{"name":"wp","href":"https:\/\/api.w.org\/{rel}","templated":true}]}}