{"id":10756,"date":"2023-05-29T11:22:56","date_gmt":"2023-05-29T09:22:56","guid":{"rendered":"https:\/\/thefactoryconceptstore.com\/?post_type=product&#038;p=10756"},"modified":"2023-06-11T10:56:09","modified_gmt":"2023-06-11T08:56:09","slug":"bearbrick-lfyt-x-krink-400-100","status":"publish","type":"product","link":"https:\/\/thefactoryconceptstore.com\/fr\/products\/bearbrick-lfyt-x-krink-400-100\/","title":{"rendered":"BE@RBRICK LFYT X KRINK 400% 100% 2022"},"content":{"rendered":"<p>BE@RBRICK LFYT X KRINK 400% 100% 2022<\/p>\n<p>Cette collaboration sp\u00e9ciale avec Lafayette et Medicom Toy's BE@RBRICK. L'\u00e9dition limit\u00e9e de 100% et 400% comprend des designs personnalis\u00e9s et des \u0153uvres d'art r\u00e9alis\u00e9es dans le studio Krink.<\/p>\n<p>A propos de Lafayette<br \/>\nLafayette, alias LFYT, est une marque de v\u00eatements japonaise. Elle a commenc\u00e9 par produire de petites s\u00e9ries de tee-shirts, en s'associant \u00e0 des \u00e9crivains locaux pour cr\u00e9er des dessins, dans le but de transmettre l'atmosph\u00e8re de New York. LFYT s'est rapidement d\u00e9velopp\u00e9e et en 2003, elle a ouvert son premier magasin dans la ville de Fujisawa. Aujourd'hui, LFYT est distribu\u00e9 internationalement dans neuf magasins, dont Privilege NYC.<\/p>","protected":false},"excerpt":{"rendered":"<p>BE@RBRICK LFYT X KRINK 400% 100% 2022 Cette collaboration sp\u00e9ciale avec Lafayette et Medicom Toy's BE@RBRICK. L'\u00e9dition limit\u00e9e de 100% et 400% comprend des designs personnalis\u00e9s et des \u0153uvres d'art r\u00e9alis\u00e9es dans le studio Krink. \u00c0 propos de Lafayette Lafayette, alias LFYT, est une marque de v\u00eatements japonaise. Ils ont commenc\u00e9 \u00e0 faire de petites s\u00e9ries de tee-shirts, en s'associant avec des ...<\/p>\n<p class=\"read-more\"> <a class=\"\" href=\"https:\/\/thefactoryconceptstore.com\/fr\/products\/bearbrick-lfyt-x-krink-400-100\/\"> <span class=\"screen-reader-text\">BE@RBRICK LFYT X KRINK 400% 100% 2022<\/span> Lire la suite \"<\/a><\/p>","protected":false},"featured_media":10757,"template":"","meta":{"site-sidebar-layout":"default","site-content-layout":"default","ast-global-header-display":"","ast-banner-title-visibility":"","ast-main-header-display":"","ast-hfb-above-header-display":"","ast-hfb-below-header-display":"","ast-hfb-mobile-header-display":"","site-post-title":"","ast-breadcrumbs-content":"","ast-featured-img":"","footer-sml-layout":"","theme-transparent-header-meta":"default","adv-header-id-meta":"","stick-header-meta":"","header-above-stick-meta":"","header-main-stick-meta":"","header-below-stick-meta":""},"product_brand":[],"product_cat":[33],"product_tag":[],"class_list":{"0":"post-10756","1":"product","2":"type-product","3":"status-publish","4":"has-post-thumbnail","6":"product_cat-bearbrick","7":"desktop-align-left","8":"tablet-align-left","9":"mobile-align-left","11":"first","12":"instock","13":"shipping-taxable","14":"purchasable","15":"product-type-simple"},"_links":{"self":[{"href":"https:\/\/thefactoryconceptstore.com\/fr\/wp-json\/wp\/v2\/product\/10756","targetHints":{"allow":["GET"]}}],"collection":[{"href":"https:\/\/thefactoryconceptstore.com\/fr\/wp-json\/wp\/v2\/product"}],"about":[{"href":"https:\/\/thefactoryconceptstore.com\/fr\/wp-json\/wp\/v2\/types\/product"}],"version-history":[{"count":4,"href":"https:\/\/thefactoryconceptstore.com\/fr\/wp-json\/wp\/v2\/product\/10756\/revisions"}],"predecessor-version":[{"id":10971,"href":"https:\/\/thefactoryconceptstore.com\/fr\/wp-json\/wp\/v2\/product\/10756\/revisions\/10971"}],"wp:featuredmedia":[{"embeddable":true,"href":"https:\/\/thefactoryconceptstore.com\/fr\/wp-json\/wp\/v2\/media\/10757"}],"wp:attachment":[{"href":"https:\/\/thefactoryconceptstore.com\/fr\/wp-json\/wp\/v2\/media?parent=10756"}],"wp:term":[{"taxonomy":"product_brand","embeddable":true,"href":"https:\/\/thefactoryconceptstore.com\/fr\/wp-json\/wp\/v2\/product_brand?post=10756"},{"taxonomy":"product_cat","embeddable":true,"href":"https:\/\/thefactoryconceptstore.com\/fr\/wp-json\/wp\/v2\/product_cat?post=10756"},{"taxonomy":"product_tag","embeddable":true,"href":"https:\/\/thefactoryconceptstore.com\/fr\/wp-json\/wp\/v2\/product_tag?post=10756"}],"curies":[{"name":"wp","href":"https:\/\/api.w.org\/{rel}","templated":true}]}}