{"id":10750,"date":"2023-05-29T11:15:21","date_gmt":"2023-05-29T09:15:21","guid":{"rendered":"https:\/\/thefactoryconceptstore.com\/?post_type=product&#038;p=10750"},"modified":"2023-10-30T17:12:51","modified_gmt":"2023-10-30T16:12:51","slug":"bansky-x-brandalised-elephant-bomb","status":"publish","type":"product","link":"https:\/\/thefactoryconceptstore.com\/fr\/products\/bansky-x-brandalised-elephant-bomb\/","title":{"rendered":"BANSKY X BRANDALISED ELEPHANT BOMB 2020"},"content":{"rendered":"<p>BANSKY X BRANDALISED ELEPHANT BOMB 2020<\/p>\n<p>Fait partie de la collection Sync. Brandalism Collection, une collaboration avec l'artiste graffiti britannique embl\u00e9matique Banksy et le fabricant japonais de jouets \u00e0 collectionner.<\/p>\n<p>Cette sculpture en \u00e9dition limit\u00e9e repr\u00e9sente le c\u00e9l\u00e8bre graffiti \"Elephant With Bomb3\" de Banksy.<\/p>\n<p>Plus de d\u00e9tails sur la sculpture de l'homme suicide de Banksy<br \/>\nMedicom Toy x Sync. Brandalism :<br \/>\n- Dimensions : 40X50X25 CM<br \/>\n- Mat\u00e9riau : Polystone<br \/>\n- Couleur : Blanc - Date de sortie : 2020<br \/>\n- Medicom Toy \/ Sync. Brandalism (C) MMXV Full Color Black Ltd.<br \/>\n- \u00c9dition limit\u00e9e avec bo\u00eete d'origine<\/p>\n<p>\u00c0 propos de Banksy<br \/>\nBien que la personne connue sous le nom de Banksy n'ait toujours pas \u00e9t\u00e9 identifi\u00e9e \u00e0 ce jour, nous pouvons comprendre et retracer une grande partie de son histoire et de son r\u00e9pertoire. Banksy a commenc\u00e9 son travail artistique en 1990 en tant que graffeur \u00e0 main lev\u00e9e, sous l'\u00e9gide du Bristol DryBreadZ.<\/p>\n<p>Inspir\u00e9 par une pl\u00e9thore d'artistes de rue locaux et d\u00e9sireux de percer dans le milieu underground, Banksy est fortement influenc\u00e9 par des talents locaux tels que les artistes Nick Walker, Inkie et 3D. C'est \u00e0 cette \u00e9poque, alors qu'il tague de nombreuses zones autour de Bristol, que Banksy rencontre le photographe Steve Lazarides, qui deviendra son agent. Lazarides profite de l'occasion pour vendre les \u0153uvres de Banksy par l'interm\u00e9diaire de ses diff\u00e9rents canaux.<\/p>\n<p>En utilisant ces pochoirs, Banksy a r\u00e9alis\u00e9 de nombreuses \u0153uvres diss\u00e9min\u00e9es dans tout le Royaume-Uni, qui contiennent toutes un message anti-guerre, anti-establishment ou anti-capitaliste.<\/p>\n<p>Leur travail perdure encore aujourd'hui, et Banksy pr\u00e9sente continuellement leur art dans le monde entier, non seulement sous forme d'art de rue, mais aussi dans des galeries et des expositions.<\/p>\n<p>&nbsp;<\/p>","protected":false},"excerpt":{"rendered":"<p>BANSKY X BRANDALISED ELEPHANT BOMB 2020 Fait partie de la collection Sync. Brandalism de Medicom toy, une collaboration avec l'artiste graffiti britannique embl\u00e9matique Banksy et le fabricant japonais de jouets \u00e0 collectionner. Cette sculpture en \u00e9dition limit\u00e9e repr\u00e9sente le c\u00e9l\u00e8bre graffiti \"Elephant With Bomb3\" de Banksy. Plus de d\u00e9tails sur la sculpture Banksy Suicide Man Medicom Toy x Sync. ...<\/p>\n<p class=\"read-more\"> <a class=\"\" href=\"https:\/\/thefactoryconceptstore.com\/fr\/products\/bansky-x-brandalised-elephant-bomb\/\"> <span class=\"screen-reader-text\">BANSKY X BRANDALISED ELEPHANT BOMB 2020<\/span> Lire la suite \"<\/a><\/p>","protected":false},"featured_media":10751,"template":"","meta":{"site-sidebar-layout":"default","site-content-layout":"default","ast-global-header-display":"","ast-banner-title-visibility":"","ast-main-header-display":"","ast-hfb-above-header-display":"","ast-hfb-below-header-display":"","ast-hfb-mobile-header-display":"","site-post-title":"","ast-breadcrumbs-content":"","ast-featured-img":"","footer-sml-layout":"","theme-transparent-header-meta":"default","adv-header-id-meta":"","stick-header-meta":"","header-above-stick-meta":"","header-main-stick-meta":"","header-below-stick-meta":""},"product_brand":[],"product_cat":[22],"product_tag":[],"class_list":{"0":"post-10750","1":"product","2":"type-product","3":"status-publish","4":"has-post-thumbnail","6":"product_cat-art-toys","7":"desktop-align-left","8":"tablet-align-left","9":"mobile-align-left","11":"first","12":"outofstock","13":"shipping-taxable","14":"purchasable","15":"product-type-simple"},"_links":{"self":[{"href":"https:\/\/thefactoryconceptstore.com\/fr\/wp-json\/wp\/v2\/product\/10750","targetHints":{"allow":["GET"]}}],"collection":[{"href":"https:\/\/thefactoryconceptstore.com\/fr\/wp-json\/wp\/v2\/product"}],"about":[{"href":"https:\/\/thefactoryconceptstore.com\/fr\/wp-json\/wp\/v2\/types\/product"}],"version-history":[{"count":3,"href":"https:\/\/thefactoryconceptstore.com\/fr\/wp-json\/wp\/v2\/product\/10750\/revisions"}],"predecessor-version":[{"id":10973,"href":"https:\/\/thefactoryconceptstore.com\/fr\/wp-json\/wp\/v2\/product\/10750\/revisions\/10973"}],"wp:featuredmedia":[{"embeddable":true,"href":"https:\/\/thefactoryconceptstore.com\/fr\/wp-json\/wp\/v2\/media\/10751"}],"wp:attachment":[{"href":"https:\/\/thefactoryconceptstore.com\/fr\/wp-json\/wp\/v2\/media?parent=10750"}],"wp:term":[{"taxonomy":"product_brand","embeddable":true,"href":"https:\/\/thefactoryconceptstore.com\/fr\/wp-json\/wp\/v2\/product_brand?post=10750"},{"taxonomy":"product_cat","embeddable":true,"href":"https:\/\/thefactoryconceptstore.com\/fr\/wp-json\/wp\/v2\/product_cat?post=10750"},{"taxonomy":"product_tag","embeddable":true,"href":"https:\/\/thefactoryconceptstore.com\/fr\/wp-json\/wp\/v2\/product_tag?post=10750"}],"curies":[{"name":"wp","href":"https:\/\/api.w.org\/{rel}","templated":true}]}}